{"id":10567,"date":"2025-11-17T14:07:41","date_gmt":"2025-11-17T13:07:41","guid":{"rendered":"https:\/\/www.geigenbauschule.ch\/?page_id=10567"},"modified":"2025-12-10T08:25:11","modified_gmt":"2025-12-10T07:25:11","slug":"jobs","status":"publish","type":"page","link":"https:\/\/www.geigenbauschule.ch\/fr\/jobs\/","title":{"rendered":"JOBS"},"content":{"rendered":"<p>Nous mettons au concours les postes suivants :<\/p>\n\n\n\n<p><strong>40\u201380% d\u2019enseignement pratique en atelier<\/strong><br>Domaines de travail : <strong>r\u00e9paration\/service<\/strong> &amp; <strong>fabrication neuve<\/strong><\/p>\n\n\n\n<p><strong>20% d\u2019enseignement professionnel (th\u00e9orie)<\/strong><\/p>\n\n\n\n<hr class=\"wp-block-separator has-alpha-channel-opacity\"\/>\n\n\n\n<h3 class=\"wp-block-heading\"><strong>Nous offrons<\/strong><\/h3>\n\n\n\n<ul class=\"wp-block-list\">\n<li>Un travail avec des \u00e9tudiantes et \u00e9tudiants motiv\u00e9s au sein d\u2019une petite \u00e9quipe engag\u00e9e<\/li>\n\n\n\n<li>Une \u00e9cole parfaitement \u00e9quip\u00e9e, situ\u00e9e dans un endroit magnifique<\/li>\n\n\n\n<li>Une r\u00e9mun\u00e9ration conforme \u00e0 vos qualifications et \u00e0 votre exp\u00e9rience professionnelle<\/li>\n<\/ul>\n\n\n\n<hr class=\"wp-block-separator has-alpha-channel-opacity\"\/>\n\n\n\n<h3 class=\"wp-block-heading\"><strong>Nous attendons<\/strong><\/h3>\n\n\n\n<ul class=\"wp-block-list\">\n<li>Des comp\u00e9tences pratiques et th\u00e9oriques solides et \u00e9tendues<\/li>\n\n\n\n<li>Une qualification p\u00e9dagogique ou la volont\u00e9 de suivre une formation correspondante<\/li>\n\n\n\n<li>De bonnes connaissances de l\u2019allemand ; le fran\u00e7ais et\/ou l\u2019anglais sont un atout<\/li>\n<\/ul>\n\n\n\n<hr class=\"wp-block-separator has-alpha-channel-opacity\"\/>\n\n\n\n<p><strong>&gt;&gt; D\u00e9lai de candidature : 15 f\u00e9vrier 2026<\/strong><br><strong>&gt;&gt; Entr\u00e9e en fonction : ao\u00fbt 2026 (au plus tard janvier 2027)<\/strong><\/p>\n\n\n\n<p>Pour toute question, veuillez contacter <strong>Olivier Krieger<\/strong> :<br><strong><a>krieger@geigenbauschule.ch<\/a><\/strong><\/p>","protected":false},"excerpt":{"rendered":"<p>Nous mettons au concours les postes suivants : 40\u201380% d\u2019enseignement pratique en atelierDomaines de travail : r\u00e9paration\/service &amp; fabrication neuve 20% d\u2019enseignement professionnel (th\u00e9orie) Nous offrons Nous attendons &gt;&gt; D\u00e9lai de candidature : 15 f\u00e9vrier 2026&gt;&gt; Entr\u00e9e en fonction : ao\u00fbt 2026 (au plus tard janvier 2027) Pour toute question, veuillez contacter Olivier Krieger :krieger@geigenbauschule.ch<\/p>\n","protected":false},"author":4,"featured_media":0,"parent":0,"menu_order":2,"comment_status":"closed","ping_status":"closed","template":"","meta":{"_acf_changed":false,"_uf_show_specific_survey":0,"_uf_disable_surveys":false,"footnotes":""},"class_list":["post-10567","page","type-page","status-publish","czr-hentry"],"acf":[],"aioseo_notices":[],"_links":{"self":[{"href":"https:\/\/www.geigenbauschule.ch\/fr\/wp-json\/wp\/v2\/pages\/10567","targetHints":{"allow":["GET"]}}],"collection":[{"href":"https:\/\/www.geigenbauschule.ch\/fr\/wp-json\/wp\/v2\/pages"}],"about":[{"href":"https:\/\/www.geigenbauschule.ch\/fr\/wp-json\/wp\/v2\/types\/page"}],"author":[{"embeddable":true,"href":"https:\/\/www.geigenbauschule.ch\/fr\/wp-json\/wp\/v2\/users\/4"}],"replies":[{"embeddable":true,"href":"https:\/\/www.geigenbauschule.ch\/fr\/wp-json\/wp\/v2\/comments?post=10567"}],"version-history":[{"count":3,"href":"https:\/\/www.geigenbauschule.ch\/fr\/wp-json\/wp\/v2\/pages\/10567\/revisions"}],"predecessor-version":[{"id":10575,"href":"https:\/\/www.geigenbauschule.ch\/fr\/wp-json\/wp\/v2\/pages\/10567\/revisions\/10575"}],"wp:attachment":[{"href":"https:\/\/www.geigenbauschule.ch\/fr\/wp-json\/wp\/v2\/media?parent=10567"}],"curies":[{"name":"wp","href":"https:\/\/api.w.org\/{rel}","templated":true}]}}