{"id":440,"date":"2016-10-09T20:31:58","date_gmt":"2016-10-09T18:31:58","guid":{"rendered":"http:\/\/www2.geigenbauschule.ch\/?page_id=440"},"modified":"2022-08-03T10:35:43","modified_gmt":"2022-08-03T08:35:43","slug":"impressum","status":"publish","type":"page","link":"https:\/\/www.geigenbauschule.ch\/fr\/impressum\/","title":{"rendered":"Mentions l\u00e9gales"},"content":{"rendered":"<p>Adresse de contact<br \/>\nFondation de l&rsquo;\u00e9cole de lutherie de Brienz<br \/>\nOberdorfstrasse 94<br \/>\n3855 Brienz<br \/>\nSuisse<br \/>\ninfo@geigenbauschule.ch<\/p>\n<p>Personnes habilit\u00e9es \u00e0 repr\u00e9senter<br \/>\nDirection de l&rsquo;\u00e9cole, Fondation de l&rsquo;\u00e9cole de lutherie de Brienz<br \/>\nConseil d&rsquo;administration, Fondation de l&rsquo;\u00e9cole de lutherie de Brienz<\/p>\n<p>Inscription au registre du commerce<br \/>\nD\u00e9nomination sociale : Fondation de l&rsquo;\u00e9cole de lutherie de Brienz<br \/>\nNum\u00e9ro : CHE-110.411.285<\/p>\n<p>Clause de non-responsabilit\u00e9<br \/>\nL&rsquo;auteur n&rsquo;assume aucune responsabilit\u00e9 quant \u00e0 l&rsquo;exactitude, la pr\u00e9cision, l&rsquo;actualit\u00e9, la fiabilit\u00e9 et l&rsquo;exhaustivit\u00e9 des informations fournies.<br \/>\nLes recours en responsabilit\u00e9 contre l&rsquo;auteur pour des dommages mat\u00e9riels ou immat\u00e9riels r\u00e9sultant de l&rsquo;acc\u00e8s aux informations publi\u00e9es, de leur utilisation ou de leur non-utilisation, d&rsquo;une mauvaise utilisation de la connexion ou de d\u00e9fauts techniques sont exclus.<br \/>\nToutes les offres sont sans engagement. Des parties de pages ou la publication compl\u00e8te, y compris toutes les offres et informations, peuvent \u00eatre \u00e9tendues, modifi\u00e9es ou partiellement ou totalement supprim\u00e9es par l&rsquo;auteur sans annonce s\u00e9par\u00e9e.<\/p>\n<p>Responsabilit\u00e9 des liens<br \/>\nLes r\u00e9f\u00e9rences et les liens vers des sites web tiers ne rel\u00e8vent pas de notre responsabilit\u00e9. Nous d\u00e9clinons toute responsabilit\u00e9 concernant ces sites. L&rsquo;acc\u00e8s et l&rsquo;utilisation de ces sites web se font aux risques et p\u00e9rils de l&rsquo;utilisateur.<\/p>\n<p>Copyright<br \/>\nLes droits d&rsquo;auteur et tous les autres droits sur le contenu, les images, les photos ou autres fichiers du site web appartiennent exclusivement \u00e0 la soci\u00e9t\u00e9 Stiftung Geigenbauschule Brienz ou aux d\u00e9tenteurs de droits sp\u00e9cifiquement nomm\u00e9s. Pour la reproduction de tout \u00e9l\u00e9ment, le consentement \u00e9crit des d\u00e9tenteurs des droits d&rsquo;auteur doit \u00eatre obtenu au pr\u00e9alable.<\/p>\n<p>Politique de confidentialit\u00e9<br \/>\nEn vertu de l&rsquo;article 13 de la Constitution f\u00e9d\u00e9rale suisse et des dispositions de la Conf\u00e9d\u00e9ration suisse relatives \u00e0 la protection des donn\u00e9es (loi sur la protection des donn\u00e9es, LPD), toute personne a droit \u00e0 la protection de sa vie priv\u00e9e et \u00e0 la protection contre l&rsquo;utilisation abusive de ses donn\u00e9es personnelles. Nous respectons ces dispositions. Les donn\u00e9es personnelles sont trait\u00e9es de mani\u00e8re strictement confidentielle et ne sont ni vendues ni transmises \u00e0 des tiers.<br \/>\nEn \u00e9troite collaboration avec nos fournisseurs d&rsquo;h\u00e9bergement, nous nous effor\u00e7ons de prot\u00e9ger au mieux les bases de donn\u00e9es contre l&rsquo;acc\u00e8s non autoris\u00e9, la perte, l&rsquo;utilisation abusive ou la falsification.<br \/>\nLors de l&rsquo;acc\u00e8s \u00e0 nos sites web, les donn\u00e9es suivantes sont enregistr\u00e9es dans des fichiers journaux : Adresse IP, date, heure, demande du navigateur et informations g\u00e9n\u00e9rales transmises sur le syst\u00e8me d&rsquo;exploitation ou le navigateur. Ces donn\u00e9es d&rsquo;utilisation constituent la base d&rsquo;\u00e9valuations statistiques anonymes permettant d&rsquo;identifier des tendances sur la base desquelles nous pouvons am\u00e9liorer nos offres en cons\u00e9quence.<\/p>\n<p>Politique de confidentialit\u00e9 pour l&rsquo;utilisation de Google Analytics<br \/>\nCe site web utilise Google Analytics, un service d&rsquo;analyse web de Google Inc. (\u00ab\u00a0Google\u00a0\u00bb). Google Analytics utilise des \u00ab\u00a0cookies\u00a0\u00bb, qui sont des fichiers texte plac\u00e9s sur votre ordinateur, pour aider le site internet \u00e0 analyser l&rsquo;utilisation du site par ses utilisateurs. Les informations g\u00e9n\u00e9r\u00e9es par le cookie concernant votre utilisation de ce site web sont g\u00e9n\u00e9ralement transf\u00e9r\u00e9es \u00e0 un serveur de Google aux \u00c9tats-Unis et y sont stock\u00e9es. Toutefois, si l&rsquo;anonymisation des adresses IP est activ\u00e9e sur ce site, votre adresse IP sera pr\u00e9alablement raccourcie par Google dans les \u00c9tats membres de l&rsquo;Union europ\u00e9enne ou dans d&rsquo;autres \u00c9tats signataires de l&rsquo;accord sur l&rsquo;Espace \u00e9conomique europ\u00e9en.<br \/>\nCe n&rsquo;est que dans des cas exceptionnels que l&rsquo;adresse IP compl\u00e8te sera transf\u00e9r\u00e9e \u00e0 un serveur de Google aux \u00c9tats-Unis et y sera raccourcie. Google utilisera cette information dans le but d&rsquo;\u00e9valuer votre utilisation du site, de compiler des rapports sur l&rsquo;activit\u00e9 du site \u00e0 destination de son \u00e9diteur et de fournir d&rsquo;autres services relatifs \u00e0 l&rsquo;activit\u00e9 du site et \u00e0 l&rsquo;utilisation d&rsquo;Internet. Google peut \u00e9galement transf\u00e9rer ces informations \u00e0 des tiers lorsque la loi l&rsquo;exige ou lorsque ces tiers traitent les informations pour le compte de Google. L&rsquo;adresse IP transmise par votre navigateur dans le cadre de Google Analytics n&rsquo;est pas fusionn\u00e9e avec d&rsquo;autres donn\u00e9es de Google.<br \/>\nVous pouvez refuser l&rsquo;utilisation de cookies en s\u00e9lectionnant les param\u00e8tres appropri\u00e9s de votre navigateur, mais veuillez noter que si vous le faites, vous risquez de ne pas pouvoir utiliser toutes les fonctionnalit\u00e9s de ce site web. En utilisant ce site web, vous acceptez le traitement des donn\u00e9es collect\u00e9es \u00e0 votre sujet par Google de la mani\u00e8re d\u00e9crite ci-dessus et dans le but susmentionn\u00e9.<\/p>\n<p>Source<br \/>\nCette empreinte a \u00e9t\u00e9 cr\u00e9\u00e9e le 11.10.2016 avec le g\u00e9n\u00e9rateur d&#8217;empreinte http:\/\/www.bag.ch\/impressum-generator de la soci\u00e9t\u00e9 Brunner Medien AG, Druck und Medien, \u00e0 Kriens. Brunner Medien AG, Druck und Medien, \u00e0 Kriens, n&rsquo;assume aucune responsabilit\u00e9.<\/p>\n<p>Images \/ Photos<br \/>\nLes images \/ photos de ce site ont \u00e9t\u00e9 r\u00e9alis\u00e9es par l&rsquo;\u00e9cole de lutherie de Brienz ainsi que par Adrian Moser, photographe BR et James Robert Batten.<\/p>","protected":false},"excerpt":{"rendered":"<p>Adresse de contact Fondation de l&rsquo;\u00e9cole de lutherie de Brienz Oberdorfstrasse 94 3855 Brienz Suisse info@geigenbauschule.ch Personnes habilit\u00e9es \u00e0 repr\u00e9senter Direction de l&rsquo;\u00e9cole, Fondation de l&rsquo;\u00e9cole de lutherie de Brienz Conseil d&rsquo;administration, Fondation de l&rsquo;\u00e9cole de lutherie de Brienz Inscription au registre du commerce D\u00e9nomination sociale : Fondation de l&rsquo;\u00e9cole de lutherie de Brienz Num\u00e9ro [&hellip;]<\/p>\n","protected":false},"author":1,"featured_media":0,"parent":0,"menu_order":4,"comment_status":"closed","ping_status":"closed","template":"","meta":{"_acf_changed":false,"_uf_show_specific_survey":0,"_uf_disable_surveys":false,"footnotes":""},"class_list":["post-440","page","type-page","status-publish","czr-hentry"],"acf":[],"aioseo_notices":[],"_links":{"self":[{"href":"https:\/\/www.geigenbauschule.ch\/fr\/wp-json\/wp\/v2\/pages\/440","targetHints":{"allow":["GET"]}}],"collection":[{"href":"https:\/\/www.geigenbauschule.ch\/fr\/wp-json\/wp\/v2\/pages"}],"about":[{"href":"https:\/\/www.geigenbauschule.ch\/fr\/wp-json\/wp\/v2\/types\/page"}],"author":[{"embeddable":true,"href":"https:\/\/www.geigenbauschule.ch\/fr\/wp-json\/wp\/v2\/users\/1"}],"replies":[{"embeddable":true,"href":"https:\/\/www.geigenbauschule.ch\/fr\/wp-json\/wp\/v2\/comments?post=440"}],"version-history":[{"count":8,"href":"https:\/\/www.geigenbauschule.ch\/fr\/wp-json\/wp\/v2\/pages\/440\/revisions"}],"predecessor-version":[{"id":5789,"href":"https:\/\/www.geigenbauschule.ch\/fr\/wp-json\/wp\/v2\/pages\/440\/revisions\/5789"}],"wp:attachment":[{"href":"https:\/\/www.geigenbauschule.ch\/fr\/wp-json\/wp\/v2\/media?parent=440"}],"curies":[{"name":"wp","href":"https:\/\/api.w.org\/{rel}","templated":true}]}}