{"id":446,"date":"2016-10-09T20:41:39","date_gmt":"2016-10-09T18:41:39","guid":{"rendered":"http:\/\/www2.geigenbauschule.ch\/?page_id=446"},"modified":"2023-08-15T13:43:20","modified_gmt":"2023-08-15T11:43:20","slug":"anreise","status":"publish","type":"page","link":"https:\/\/www.geigenbauschule.ch\/fr\/anreise\/","title":{"rendered":"Voyage"},"content":{"rendered":"<p class=\"p1\"><strong><span class=\"s1\">Adresse:\r\n<\/span><\/strong><span class=\"s1\">Ecole Suisse de Lutherie | <\/span><span class=\"s1\">Oberdorfstrasse 94 | <\/span><span class=\"s1\">CH-3855 Brienz\r\n<\/span><span class=\"s1\">+41 (0)33 951 18 61<\/span><span class=\"s1\"> | <a href=\"mailto:info@geigenbauschule.ch\">info@geigenbauschule.ch<\/a><\/span><\/p>\r\n<p class=\"p1\"><strong><span class=\"s1\">Horaires d&rsquo;ouverture: <\/span><\/strong><span class=\"s1\">Lundi &#8211; Vendredi <\/span><span class=\"s1\">8h00 &#8211; 11h45 et 13h30 &#8211; 17h00<\/span><\/p>\r\n&nbsp;\r\n\r\n<iframe loading=\"lazy\" src=\"https:\/\/www.google.com\/maps\/embed?pb=!1m18!1m12!1m3!1d2733.4022996316107!2d8.022584016392655!3d46.75696617913747!2m3!1f0!2f0!3f0!3m2!1i1024!2i768!4f13.1!3m3!1m2!1s0x478f965fdc626fef%3A0xd08ed5eb44dc6071!2sGeigenbauschule+Brienz!5e0!3m2!1sde!2sch!4v1476718794263\" width=\"700\" height=\"450\" frameborder=\"0\" allowfullscreen=\"allowfullscreen\" data-mce-fragment=\"1\"><\/iframe>\r\n\r\n<strong>en train\r\n<\/strong>\r\n\r\nTrains directs via Interlaken et Lucerne. Depuis l&rsquo;arr\u00eat de train Brienz West, vous marchez 5 minutes jusqu&rsquo;\u00e0 notre \u00e9cole.\r\n<a href=\"http:\/\/www.sbb.ch\">www.sbb.ch<\/a>.\r\n\r\n<strong>en voiture\r\n<\/strong>\r\n\r\nVia Berne &#8211; Interlaken\r\n\r\nou\r\n\r\nLucerne &#8211; Passage du Br\u00fcnig \u00e0 Brienz","protected":false},"excerpt":{"rendered":"<p>Adresse: Ecole Suisse de Lutherie | Oberdorfstrasse 94 | CH-3855 Brienz +41 (0)33 951 18 61 | info@geigenbauschule.ch Horaires d&rsquo;ouverture: Lundi &#8211; Vendredi 8h00 &#8211; 11h45 et 13h30 &#8211; 17h00 &nbsp; en train Trains directs via Interlaken et Lucerne. Depuis l&rsquo;arr\u00eat de train Brienz West, vous marchez 5 minutes jusqu&rsquo;\u00e0 notre \u00e9cole. www.sbb.ch. en voiture [&hellip;]<\/p>\n","protected":false},"author":1,"featured_media":0,"parent":0,"menu_order":3,"comment_status":"closed","ping_status":"closed","template":"","meta":{"_acf_changed":false,"_uf_show_specific_survey":0,"_uf_disable_surveys":false,"footnotes":""},"class_list":["post-446","page","type-page","status-publish","czr-hentry"],"acf":[],"aioseo_notices":[],"_links":{"self":[{"href":"https:\/\/www.geigenbauschule.ch\/fr\/wp-json\/wp\/v2\/pages\/446","targetHints":{"allow":["GET"]}}],"collection":[{"href":"https:\/\/www.geigenbauschule.ch\/fr\/wp-json\/wp\/v2\/pages"}],"about":[{"href":"https:\/\/www.geigenbauschule.ch\/fr\/wp-json\/wp\/v2\/types\/page"}],"author":[{"embeddable":true,"href":"https:\/\/www.geigenbauschule.ch\/fr\/wp-json\/wp\/v2\/users\/1"}],"replies":[{"embeddable":true,"href":"https:\/\/www.geigenbauschule.ch\/fr\/wp-json\/wp\/v2\/comments?post=446"}],"version-history":[{"count":10,"href":"https:\/\/www.geigenbauschule.ch\/fr\/wp-json\/wp\/v2\/pages\/446\/revisions"}],"predecessor-version":[{"id":7760,"href":"https:\/\/www.geigenbauschule.ch\/fr\/wp-json\/wp\/v2\/pages\/446\/revisions\/7760"}],"wp:attachment":[{"href":"https:\/\/www.geigenbauschule.ch\/fr\/wp-json\/wp\/v2\/media?parent=446"}],"curies":[{"name":"wp","href":"https:\/\/api.w.org\/{rel}","templated":true}]}}