{"id":6810,"date":"2023-02-12T17:20:47","date_gmt":"2023-02-12T16:20:47","guid":{"rendered":"https:\/\/www.geigenbauschule.ch\/?page_id=6810"},"modified":"2023-02-15T17:47:36","modified_gmt":"2023-02-15T16:47:36","slug":"about","status":"publish","type":"page","link":"https:\/\/www.geigenbauschule.ch\/fr\/about\/","title":{"rendered":"QUI SOMMES-NOUS"},"content":{"rendered":"<p><\/p>\n<ul style=\"list-style-type: square;\">\n<li>\n<h4>\u00c9quipe de l&rsquo;\u00e9cole de lutherie <a href=\"http:\/\/www.geigenbauschule.ch\/category\/team_geigenbauschule\">&#8230;en savoir plus<\/a><\/h4>\n<\/li>\n<li>\n<h4>H\u00f4tes de notre exposition <a href=\"https:\/\/www.geigenbauschule.ch\/ausstellungsbetreuerinnen-und-betreuer\/\">&#8230;en savoir plus<\/a><\/h4>\n<\/li>\n<\/ul>\n<p>","protected":false},"excerpt":{"rendered":"<p>\u00c9quipe de l&rsquo;\u00e9cole de lutherie &#8230;en savoir plus H\u00f4tes de notre exposition &#8230;en savoir plus<\/p>\n","protected":false},"author":4,"featured_media":0,"parent":0,"menu_order":2,"comment_status":"closed","ping_status":"closed","template":"","meta":{"_acf_changed":false,"_uf_show_specific_survey":0,"_uf_disable_surveys":false,"footnotes":""},"class_list":["post-6810","page","type-page","status-publish","czr-hentry"],"acf":[],"aioseo_notices":[],"_links":{"self":[{"href":"https:\/\/www.geigenbauschule.ch\/fr\/wp-json\/wp\/v2\/pages\/6810","targetHints":{"allow":["GET"]}}],"collection":[{"href":"https:\/\/www.geigenbauschule.ch\/fr\/wp-json\/wp\/v2\/pages"}],"about":[{"href":"https:\/\/www.geigenbauschule.ch\/fr\/wp-json\/wp\/v2\/types\/page"}],"author":[{"embeddable":true,"href":"https:\/\/www.geigenbauschule.ch\/fr\/wp-json\/wp\/v2\/users\/4"}],"replies":[{"embeddable":true,"href":"https:\/\/www.geigenbauschule.ch\/fr\/wp-json\/wp\/v2\/comments?post=6810"}],"version-history":[{"count":9,"href":"https:\/\/www.geigenbauschule.ch\/fr\/wp-json\/wp\/v2\/pages\/6810\/revisions"}],"predecessor-version":[{"id":7045,"href":"https:\/\/www.geigenbauschule.ch\/fr\/wp-json\/wp\/v2\/pages\/6810\/revisions\/7045"}],"wp:attachment":[{"href":"https:\/\/www.geigenbauschule.ch\/fr\/wp-json\/wp\/v2\/media?parent=6810"}],"curies":[{"name":"wp","href":"https:\/\/api.w.org\/{rel}","templated":true}]}}