{"id":8,"date":"2016-02-13T23:18:15","date_gmt":"2016-02-13T22:18:15","guid":{"rendered":"http:\/\/www2.geigenbauschule.dev\/?page_id=8"},"modified":"2025-12-23T16:57:54","modified_gmt":"2025-12-23T15:57:54","slug":"ausbildung","status":"publish","type":"page","link":"https:\/\/www.geigenbauschule.ch\/fr\/ausbildung\/","title":{"rendered":"FORMATION"},"content":{"rendered":"<h4><b><strong>Formation de base<\/strong><\/b><\/h4>\nLa formation de trois \u00e0 quatre ans dispens\u00e9e \u00e0 l&rsquo;\u00c9cole suisse de lutherie de Brienz est reconnue par l&rsquo;\u00c9tat et d\u00e9bouche sur le dipl\u00f4me de luthi\u00e8re \/ luthier CFC (certificat f\u00e9d\u00e9ral de capacit\u00e9).\n\nTrois places de formation sont propos\u00e9es chaque ann\u00e9e <a href=\"https:\/\/www.geigenbauschule.ch\/fr\/category\/grundausbildung\/\">&#8230; en savoir plus<\/a>\n<h4><b><strong>Formation<\/strong><\/b><\/h4>\nDans le cadre des cours interentreprises, nous pouvons proposer quelques places \u00e0 des participants externes dans nos cours de restauration, de r\u00e9paration d&rsquo;archets et de photographie dans le domaine de la lutherie.\n\nCette offre s&rsquo;adresse aux luthiers professionnels qui souhaitent acqu\u00e9rir des comp\u00e9tences suppl\u00e9mentaires ou rafra\u00eechir leurs connaissances dans des domaines sp\u00e9cialis\u00e9s\n\n<a href=\"https:\/\/www.geigenbauschule.ch\/fr\/category\/weiterbildung\/\">vers le prochaines offres de cours\u00a0<\/a>","protected":false},"excerpt":{"rendered":"<p>Formation de base La formation de trois \u00e0 quatre ans dispens\u00e9e \u00e0 l&rsquo;\u00c9cole suisse de lutherie de Brienz est reconnue par l&rsquo;\u00c9tat et d\u00e9bouche sur le dipl\u00f4me de luthi\u00e8re \/ luthier CFC (certificat f\u00e9d\u00e9ral de capacit\u00e9). Trois places de formation sont propos\u00e9es chaque ann\u00e9e &#8230; en savoir plus Formation Dans le cadre des cours interentreprises, [&hellip;]<\/p>\n","protected":false},"author":1,"featured_media":0,"parent":0,"menu_order":1,"comment_status":"closed","ping_status":"closed","template":"","meta":{"_acf_changed":false,"_uf_show_specific_survey":0,"_uf_disable_surveys":false,"footnotes":""},"class_list":["post-8","page","type-page","status-publish","czr-hentry"],"acf":[],"aioseo_notices":[],"_links":{"self":[{"href":"https:\/\/www.geigenbauschule.ch\/fr\/wp-json\/wp\/v2\/pages\/8","targetHints":{"allow":["GET"]}}],"collection":[{"href":"https:\/\/www.geigenbauschule.ch\/fr\/wp-json\/wp\/v2\/pages"}],"about":[{"href":"https:\/\/www.geigenbauschule.ch\/fr\/wp-json\/wp\/v2\/types\/page"}],"author":[{"embeddable":true,"href":"https:\/\/www.geigenbauschule.ch\/fr\/wp-json\/wp\/v2\/users\/1"}],"replies":[{"embeddable":true,"href":"https:\/\/www.geigenbauschule.ch\/fr\/wp-json\/wp\/v2\/comments?post=8"}],"version-history":[{"count":246,"href":"https:\/\/www.geigenbauschule.ch\/fr\/wp-json\/wp\/v2\/pages\/8\/revisions"}],"predecessor-version":[{"id":10769,"href":"https:\/\/www.geigenbauschule.ch\/fr\/wp-json\/wp\/v2\/pages\/8\/revisions\/10769"}],"wp:attachment":[{"href":"https:\/\/www.geigenbauschule.ch\/fr\/wp-json\/wp\/v2\/media?parent=8"}],"curies":[{"name":"wp","href":"https:\/\/api.w.org\/{rel}","templated":true}]}}